{"id":215,"date":"2026-01-30T05:29:57","date_gmt":"2026-01-30T05:29:57","guid":{"rendered":"https:\/\/azconsultancy.com.tr\/kimlere-destek-oluyorum\/"},"modified":"2026-04-02T08:12:24","modified_gmt":"2026-04-02T08:12:24","slug":"kime-hitap-ediyorum","status":"publish","type":"page","link":"https:\/\/azconsultancy.com.tr\/tr\/kime-hitap-ediyorum\/","title":{"rendered":"Otel Yat\u0131r\u0131m ve \u0130\u015fletme Dan\u0131\u015fmanl\u0131\u011f\u0131"},"content":{"rendered":"","protected":false},"excerpt":{"rendered":"","protected":false},"author":3,"featured_media":-1,"parent":0,"menu_order":0,"comment_status":"open","ping_status":"closed","template":"","meta":{"footnotes":""},"class_list":["post-215","page","type-page","status-publish","has-post-thumbnail","hentry"],"_links":{"self":[{"href":"https:\/\/azconsultancy.com.tr\/tr\/wp-json\/wp\/v2\/pages\/215","targetHints":{"allow":["GET"]}}],"collection":[{"href":"https:\/\/azconsultancy.com.tr\/tr\/wp-json\/wp\/v2\/pages"}],"about":[{"href":"https:\/\/azconsultancy.com.tr\/tr\/wp-json\/wp\/v2\/types\/page"}],"author":[{"embeddable":true,"href":"https:\/\/azconsultancy.com.tr\/tr\/wp-json\/wp\/v2\/users\/3"}],"replies":[{"embeddable":true,"href":"https:\/\/azconsultancy.com.tr\/tr\/wp-json\/wp\/v2\/comments?post=215"}],"version-history":[{"count":9,"href":"https:\/\/azconsultancy.com.tr\/tr\/wp-json\/wp\/v2\/pages\/215\/revisions"}],"predecessor-version":[{"id":422,"href":"https:\/\/azconsultancy.com.tr\/tr\/wp-json\/wp\/v2\/pages\/215\/revisions\/422"}],"wp:featuredmedia":[{"embeddable":true,"href":"https:\/\/azconsultancy.com.tr\/tr\/wp-json\/"}],"wp:attachment":[{"href":"https:\/\/azconsultancy.com.tr\/tr\/wp-json\/wp\/v2\/media?parent=215"}],"curies":[{"name":"wp","href":"https:\/\/api.w.org\/{rel}","templated":true}]}}